{"id":2310,"date":"2021-09-07T17:11:09","date_gmt":"2021-09-07T17:11:09","guid":{"rendered":"https:\/\/oicf.wpengine.com\/publicite\/"},"modified":"2024-12-18T11:52:15","modified_gmt":"2024-12-18T16:52:15","slug":"annoncer","status":"publish","type":"page","link":"https:\/\/ottawachildrensfestival.ca\/fr\/annoncer\/","title":{"rendered":"Annoncer"},"content":{"rendered":"<p>[et_pb_section fb_built=\u00a0\u00bb1&Prime; admin_label=\u00a0\u00bbHero\u00a0\u00bb _builder_version=\u00a0\u00bb4.27.4&Prime; _module_preset=\u00a0\u00bbdefault\u00a0\u00bb background_color=\u00a0\u00bbrgba(7,14,30,0.7)\u00a0\u00bb background_image=\u00a0\u00bbhttp:\/\/ottawachildrensfestival.ca\/wp-content\/uploads\/2021\/08\/Advertising-page-banners.jpg\u00a0\u00bb background_blend=\u00a0\u00bbmultiply\u00a0\u00bb background_enable_video_mp4=\u00a0\u00bboff\u00a0\u00bb allow_player_pause=\u00a0\u00bbon\u00a0\u00bb position_origin_a=\u00a0\u00bbtop_center\u00a0\u00bb min_height=\u00a0\u00bb420px\u00a0\u00bb custom_margin=\u00a0\u00bb0px||||false|false\u00a0\u00bb custom_padding=\u00a0\u00bb0px|0px|0px|0px|false|false\u00a0\u00bb mix_blend_mode=\u00a0\u00bbmultiply\u00a0\u00bb bottom_divider_style=\u00a0\u00bbcurve\u00a0\u00bb bottom_divider_color=\u00a0\u00bb#FFFFFF\u00a0\u00bb bottom_divider_height=\u00a0\u00bb52px\u00a0\u00bb bottom_divider_arrangement=\u00a0\u00bbabove_content\u00a0\u00bb hover_enabled=\u00a0\u00bb0&Prime; global_colors_info=\u00a0\u00bb{}\u00a0\u00bb min_height__hover_enabled=\u00a0\u00bbon|desktop\u00a0\u00bb min_height__hover=\u00a0\u00bb420px\u00a0\u00bb alt=\u00a0\u00bbAdvertising page banner\u00a0\u00bb title_text=\u00a0\u00bbAdvertising-page-banners\u00a0\u00bb sticky_enabled=\u00a0\u00bb0&Prime;][et_pb_row _builder_version=\u00a0\u00bb4.16&Prime; _module_preset=\u00a0\u00bbdefault\u00a0\u00bb positioning=\u00a0\u00bbabsolute\u00a0\u00bb position_origin_a=\u00a0\u00bbcenter_center\u00a0\u00bb vertical_offset=\u00a0\u00bb15%\u00a0\u00bb z_index=\u00a0\u00bb47&Prime; custom_margin=\u00a0\u00bb32px||-1px||false|false\u00a0\u00bb custom_padding=\u00a0\u00bb0rem||0px||false|false\u00a0\u00bb global_colors_info=\u00a0\u00bb{}\u00a0\u00bb][et_pb_column type=\u00a0\u00bb4_4&Prime; _builder_version=\u00a0\u00bb4.16&Prime; _module_preset=\u00a0\u00bbdefault\u00a0\u00bb hover_enabled=\u00a0\u00bb0&Prime; global_colors_info=\u00a0\u00bb{}\u00a0\u00bb sticky_enabled=\u00a0\u00bb0&Prime;][et_pb_text _builder_version=\u00a0\u00bb4.27.4&Prime; _module_preset=\u00a0\u00bbdefault\u00a0\u00bb header_2_text_color=\u00a0\u00bb#FFFFFF\u00a0\u00bb custom_margin=\u00a0\u00bb||1.5rem||false|false\u00a0\u00bb hover_enabled=\u00a0\u00bb0&Prime; global_colors_info=\u00a0\u00bb{}\u00a0\u00bb sticky_enabled=\u00a0\u00bb0&Prime;]<\/p>\n<h2 style=\"text-align: center;\">Annoncer<\/h2>\n<p>[\/et_pb_text][\/et_pb_column][\/et_pb_row][\/et_pb_section][et_pb_section fb_built=\u00a0\u00bb1&Prime; custom_padding_last_edited=\u00a0\u00bbon|tablet\u00a0\u00bb _builder_version=\u00a0\u00bb4.16&Prime; _module_preset=\u00a0\u00bbdefault\u00a0\u00bb custom_padding=\u00a0\u00bb||0px||false|false\u00a0\u00bb custom_padding_tablet=\u00a0\u00bb0px||0px||false|false\u00a0\u00bb custom_padding_phone=\u00a0\u00bb\u00a0\u00bb global_colors_info=\u00a0\u00bb{}\u00a0\u00bb][et_pb_row column_structure=\u00a0\u00bb3_5,2_5&Prime; _builder_version=\u00a0\u00bb4.16&Prime; _module_preset=\u00a0\u00bbdefault\u00a0\u00bb global_colors_info=\u00a0\u00bb{}\u00a0\u00bb][et_pb_column type=\u00a0\u00bb3_5&Prime; _builder_version=\u00a0\u00bb4.16&Prime; _module_preset=\u00a0\u00bbdefault\u00a0\u00bb global_colors_info=\u00a0\u00bb{}\u00a0\u00bb][et_pb_text _builder_version=\u00a0\u00bb4.27.4&Prime; _module_preset=\u00a0\u00bbdefault\u00a0\u00bb text_font_size=\u00a0\u00bb18px\u00a0\u00bb text_line_height=\u00a0\u00bb1.5em\u00a0\u00bb custom_margin=\u00a0\u00bb||4rem||false|false\u00a0\u00bb custom_margin_tablet=\u00a0\u00bb||2rem||false|false\u00a0\u00bb custom_margin_phone=\u00a0\u00bb\u00a0\u00bb custom_margin_last_edited=\u00a0\u00bbon|phone\u00a0\u00bb hover_enabled=\u00a0\u00bb0&Prime; text_font_size_tablet=\u00a0\u00bb\u00a0\u00bb text_font_size_phone=\u00a0\u00bb16px\u00a0\u00bb text_font_size_last_edited=\u00a0\u00bbon|phone\u00a0\u00bb global_colors_info=\u00a0\u00bb{}\u00a0\u00bb sticky_enabled=\u00a0\u00bb0&Prime;]<\/p>\n<h3>Faites passer le message et faites de la publicit\u00e9 avec nous !<\/h3>\n<p>&nbsp;<\/p>\n<p>Le Festival des enfants d&rsquo;Ottawa continue d&rsquo;atteindre des publics tr\u00e8s larges gr\u00e2ce \u00e0 des documents imprim\u00e9s traditionnels, au marketing num\u00e9rique et \u00e0 l&rsquo;engagement de la communaut\u00e9 locale.<\/p>\n<p>Comment pouvez-vous participer \u00e0 la magie du Festival en 2025 ?<\/p>\n<p><span style=\"font-size: large;\"><strong>Mat\u00e9riel imprim\u00e9 : Un marketing qui a fait ses preuves<\/strong><\/span><\/p>\n<p>Le mat\u00e9riel imprim\u00e9 reste l&rsquo;un de nos outils les plus efficaces, m\u00eame \u00e0 l&rsquo;\u00e8re du num\u00e9rique. Cette ann\u00e9e, nous avons distribu\u00e9<\/p>\n<ul>\n<li><strong>1 000<\/strong> brochures d&rsquo;information sur les \u00e9coles aux \u00e9ducateurs.<\/li>\n<li><strong>500<\/strong> exemplaires de notre programme complet de 27 pages.<\/li>\n<li><strong>10 000<\/strong> cartes postales distribu\u00e9es directement dans les bo\u00eetes aux lettres locales.<\/li>\n<li><strong>Plus de 1 000<\/strong> affiches ont \u00e9gay\u00e9 le centre-ville d&rsquo;Ottawa, ornant les poteaux d&rsquo;affichage et les commerces locaux.<\/li>\n<\/ul>\n<p><span style=\"font-size: large;\"><strong>L&rsquo;art de la mise en sc\u00e8ne : Entrez dans l&rsquo;esprit du festival<\/strong><\/span><\/p>\n<ul>\n<li><strong>Signalisation ext\u00e9rieure du festival :<\/strong> Des panneaux sont plac\u00e9s strat\u00e9giquement pr\u00e8s des sites du festival et des lieux ext\u00e9rieurs tr\u00e8s fr\u00e9quent\u00e9s, afin de guider les participants et de cr\u00e9er une atmosph\u00e8re de festival immersive.<\/li>\n<\/ul>\n<p><span style=\"font-size: large;\"><strong>Le num\u00e9rique : Atteindre des millions de personnes gr\u00e2ce aux m\u00e9dias<\/strong><\/span><\/p>\n<p>Le festival a b\u00e9n\u00e9fici\u00e9 d&rsquo;une exposition impressionnante gr\u00e2ce \u00e0 une campagne publicitaire int\u00e9gr\u00e9e, atteignant une <strong>port\u00e9e m\u00e9diatique de 40,5 millions de personnes.<\/strong><\/p>\n<p>[\/et_pb_text][\/et_pb_column][et_pb_column type=\u00a0\u00bb2_5&Prime; _builder_version=\u00a0\u00bb4.16&Prime; _module_preset=\u00a0\u00bbdefault\u00a0\u00bb global_colors_info=\u00a0\u00bb{}\u00a0\u00bb][et_pb_image src=\u00a0\u00bbhttp:\/\/ottawachildrensfestival.ca\/wp-content\/uploads\/2024\/12\/OCF-2024-Photo-58.jpg\u00a0\u00bb title_text=\u00a0\u00bbOCF-2024-Photo-58&Prime; _builder_version=\u00a0\u00bb4.27.4&Prime; _module_preset=\u00a0\u00bbdefault\u00a0\u00bb hover_enabled=\u00a0\u00bb0&Prime; global_colors_info=\u00a0\u00bb{}\u00a0\u00bb sticky_enabled=\u00a0\u00bb0&Prime;][\/et_pb_image][et_pb_text _builder_version=\u00a0\u00bb4.27.4&Prime; _module_preset=\u00a0\u00bbdefault\u00a0\u00bb hover_enabled=\u00a0\u00bb0&Prime; sticky_enabled=\u00a0\u00bb0&Prime;]<\/p>\n<p>Si vous souhaitez en savoir plus sur la publicit\u00e9 avec nous, veuillez consulter le rapport sur le marketing des m\u00e9dias et la fiche de parrainage.<\/p>\n<p>Contactez <strong><a href=\"mailto:media@ottawachildrensfestival.ca\">media@ottawachildrensfestival.ca<\/a><\/strong> ou 613-241-0999.<\/p>\n<p>[\/et_pb_text][et_pb_button button_text=\u00a0\u00bbRapport sur le Marketing des m\u00e9dias\u00a0\u00bb _builder_version=\u00a0\u00bb4.27.4&Prime; _module_preset=\u00a0\u00bbdefault\u00a0\u00bb hover_enabled=\u00a0\u00bb0&Prime; sticky_enabled=\u00a0\u00bb0&Prime; button_url=\u00a0\u00bbhttps:\/\/drive.google.com\/file\/d\/1ZqzrhocPZOZjU27_Dz9ZVnSInxXTCQLe\/view?usp=sharing\u00a0\u00bb url_new_window=\u00a0\u00bbon\u00a0\u00bb button_alignment=\u00a0\u00bbcenter\u00a0\u00bb custom_button=\u00a0\u00bbon\u00a0\u00bb button_text_color=\u00a0\u00bb#FFFFFF\u00a0\u00bb button_bg_color=\u00a0\u00bb#DB7983&Prime; button_bg_enable_color=\u00a0\u00bbon\u00a0\u00bb button_border_radius=\u00a0\u00bb6px\u00a0\u00bb button_border_color=\u00a0\u00bbRGBA(255,255,255,0)\u00a0\u00bb button_font=\u00a0\u00bb|800|||||||\u00a0\u00bb box_shadow_style=\u00a0\u00bbpreset1&Prime;][\/et_pb_button][et_pb_button button_text=\u00a0\u00bbDossier de Commandite\u00a0\u00bb _builder_version=\u00a0\u00bb4.27.4&Prime; _module_preset=\u00a0\u00bbdefault\u00a0\u00bb hover_enabled=\u00a0\u00bb0&Prime; sticky_enabled=\u00a0\u00bb0&Prime; button_url=\u00a0\u00bbhttps:\/\/drive.google.com\/file\/d\/1zT8zrsKMTdpGABy1E6JPnfnwj4iX1Dun\/view?usp=sharing\u00a0\u00bb url_new_window=\u00a0\u00bbon\u00a0\u00bb button_alignment=\u00a0\u00bbcenter\u00a0\u00bb custom_button=\u00a0\u00bbon\u00a0\u00bb button_text_color=\u00a0\u00bb#FFFFFF\u00a0\u00bb button_bg_color=\u00a0\u00bb#DB7983&Prime; button_bg_enable_color=\u00a0\u00bbon\u00a0\u00bb button_border_width=\u00a0\u00bb2px\u00a0\u00bb button_border_radius=\u00a0\u00bb6px\u00a0\u00bb button_border_color=\u00a0\u00bbRGBA(255,255,255,0)\u00a0\u00bb button_font=\u00a0\u00bb|800|||||||\u00a0\u00bb box_shadow_style=\u00a0\u00bbpreset1&Prime;][\/et_pb_button][\/et_pb_column][\/et_pb_row][\/et_pb_section]<\/p>\n","protected":false},"excerpt":{"rendered":"<p>AnnoncerFaites passer le message et faites de la publicit\u00e9 avec nous ! &nbsp; Le Festival des enfants d&rsquo;Ottawa continue d&rsquo;atteindre des publics tr\u00e8s larges gr\u00e2ce \u00e0 des documents imprim\u00e9s traditionnels, au marketing num\u00e9rique et \u00e0 l&rsquo;engagement de la communaut\u00e9 locale. Comment pouvez-vous participer \u00e0 la magie du Festival en 2025 ? Mat\u00e9riel imprim\u00e9 : Un [&hellip;]<\/p>\n","protected":false},"author":1,"featured_media":1987,"parent":0,"menu_order":0,"comment_status":"closed","ping_status":"closed","template":"","meta":{"give_campaign_id":0,"_et_pb_use_builder":"on","_et_pb_old_content":"","_et_gb_content_width":"","footnotes":""},"class_list":["post-2310","page","type-page","status-publish","has-post-thumbnail","hentry"],"yoast_head":"<!-- This site is optimized with the Yoast SEO plugin v27.5 - https:\/\/yoast.com\/product\/yoast-seo-wordpress\/ -->\n<title>Annoncer - Ottawa Children&#039;s Festival<\/title>\n<meta name=\"robots\" content=\"index, follow, max-snippet:-1, max-image-preview:large, max-video-preview:-1\" \/>\n<link rel=\"canonical\" href=\"https:\/\/ottawachildrensfestival.ca\/fr\/annoncer\/\" \/>\n<meta property=\"og:locale\" content=\"fr_FR\" \/>\n<meta property=\"og:type\" content=\"article\" \/>\n<meta property=\"og:title\" content=\"Annoncer - Ottawa Children&#039;s Festival\" \/>\n<meta property=\"og:description\" content=\"AnnoncerFaites passer le message et faites de la publicit\u00e9 avec nous ! &nbsp; Le Festival des enfants d&#039;Ottawa continue d&#039;atteindre des publics tr\u00e8s larges gr\u00e2ce \u00e0 des documents imprim\u00e9s traditionnels, au marketing num\u00e9rique et \u00e0 l&#039;engagement de la communaut\u00e9 locale. Comment pouvez-vous participer \u00e0 la magie du Festival en 2025 ? Mat\u00e9riel imprim\u00e9 : Un [&hellip;]\" \/>\n<meta property=\"og:url\" content=\"https:\/\/ottawachildrensfestival.ca\/fr\/annoncer\/\" \/>\n<meta property=\"og:site_name\" content=\"Ottawa Children&#039;s Festival\" \/>\n<meta property=\"article:modified_time\" content=\"2024-12-18T16:52:15+00:00\" \/>\n<meta property=\"og:image\" content=\"http:\/\/ottawachildrensfestival.ca\/wp-content\/uploads\/2021\/08\/Advertising-page-banners.jpg\" \/>\n\t<meta property=\"og:image:width\" content=\"2560\" \/>\n\t<meta property=\"og:image:height\" content=\"900\" \/>\n\t<meta property=\"og:image:type\" content=\"image\/jpeg\" \/>\n<meta name=\"twitter:card\" content=\"summary_large_image\" \/>\n<meta name=\"twitter:label1\" content=\"Dur\u00e9e de lecture estim\u00e9e\" \/>\n\t<meta name=\"twitter:data1\" content=\"2 minutes\" \/>\n<script type=\"application\/ld+json\" class=\"yoast-schema-graph\">{\"@context\":\"https:\\\/\\\/schema.org\",\"@graph\":[{\"@type\":\"WebPage\",\"@id\":\"https:\\\/\\\/ottawachildrensfestival.ca\\\/fr\\\/annoncer\\\/\",\"url\":\"https:\\\/\\\/ottawachildrensfestival.ca\\\/fr\\\/annoncer\\\/\",\"name\":\"Annoncer - Ottawa Children&#039;s Festival\",\"isPartOf\":{\"@id\":\"https:\\\/\\\/ottawachildrensfestival.ca\\\/fr\\\/#website\"},\"primaryImageOfPage\":{\"@id\":\"https:\\\/\\\/ottawachildrensfestival.ca\\\/fr\\\/annoncer\\\/#primaryimage\"},\"image\":{\"@id\":\"https:\\\/\\\/ottawachildrensfestival.ca\\\/fr\\\/annoncer\\\/#primaryimage\"},\"thumbnailUrl\":\"https:\\\/\\\/ottawachildrensfestival.ca\\\/wp-content\\\/uploads\\\/2021\\\/08\\\/Advertising-page-banners.jpg\",\"datePublished\":\"2021-09-07T17:11:09+00:00\",\"dateModified\":\"2024-12-18T16:52:15+00:00\",\"breadcrumb\":{\"@id\":\"https:\\\/\\\/ottawachildrensfestival.ca\\\/fr\\\/annoncer\\\/#breadcrumb\"},\"inLanguage\":\"fr-FR\",\"potentialAction\":[{\"@type\":\"ReadAction\",\"target\":[\"https:\\\/\\\/ottawachildrensfestival.ca\\\/fr\\\/annoncer\\\/\"]}]},{\"@type\":\"ImageObject\",\"inLanguage\":\"fr-FR\",\"@id\":\"https:\\\/\\\/ottawachildrensfestival.ca\\\/fr\\\/annoncer\\\/#primaryimage\",\"url\":\"https:\\\/\\\/ottawachildrensfestival.ca\\\/wp-content\\\/uploads\\\/2021\\\/08\\\/Advertising-page-banners.jpg\",\"contentUrl\":\"https:\\\/\\\/ottawachildrensfestival.ca\\\/wp-content\\\/uploads\\\/2021\\\/08\\\/Advertising-page-banners.jpg\",\"width\":2560,\"height\":900,\"caption\":\"Advertising page banner\"},{\"@type\":\"BreadcrumbList\",\"@id\":\"https:\\\/\\\/ottawachildrensfestival.ca\\\/fr\\\/annoncer\\\/#breadcrumb\",\"itemListElement\":[{\"@type\":\"ListItem\",\"position\":1,\"name\":\"Home\",\"item\":\"https:\\\/\\\/ottawachildrensfestival.ca\\\/fr\\\/\"},{\"@type\":\"ListItem\",\"position\":2,\"name\":\"Annoncer\"}]},{\"@type\":\"WebSite\",\"@id\":\"https:\\\/\\\/ottawachildrensfestival.ca\\\/fr\\\/#website\",\"url\":\"https:\\\/\\\/ottawachildrensfestival.ca\\\/fr\\\/\",\"name\":\"Ottawa Children&#039;s Festival\",\"description\":\"Fun for the whole family\",\"potentialAction\":[{\"@type\":\"SearchAction\",\"target\":{\"@type\":\"EntryPoint\",\"urlTemplate\":\"https:\\\/\\\/ottawachildrensfestival.ca\\\/fr\\\/?s={search_term_string}\"},\"query-input\":{\"@type\":\"PropertyValueSpecification\",\"valueRequired\":true,\"valueName\":\"search_term_string\"}}],\"inLanguage\":\"fr-FR\"}]}<\/script>\n<!-- \/ Yoast SEO plugin. -->","yoast_head_json":{"title":"Annoncer - Ottawa Children&#039;s Festival","robots":{"index":"index","follow":"follow","max-snippet":"max-snippet:-1","max-image-preview":"max-image-preview:large","max-video-preview":"max-video-preview:-1"},"canonical":"https:\/\/ottawachildrensfestival.ca\/fr\/annoncer\/","og_locale":"fr_FR","og_type":"article","og_title":"Annoncer - Ottawa Children&#039;s Festival","og_description":"AnnoncerFaites passer le message et faites de la publicit\u00e9 avec nous ! &nbsp; Le Festival des enfants d'Ottawa continue d'atteindre des publics tr\u00e8s larges gr\u00e2ce \u00e0 des documents imprim\u00e9s traditionnels, au marketing num\u00e9rique et \u00e0 l'engagement de la communaut\u00e9 locale. Comment pouvez-vous participer \u00e0 la magie du Festival en 2025 ? Mat\u00e9riel imprim\u00e9 : Un [&hellip;]","og_url":"https:\/\/ottawachildrensfestival.ca\/fr\/annoncer\/","og_site_name":"Ottawa Children&#039;s Festival","article_modified_time":"2024-12-18T16:52:15+00:00","og_image":[{"width":2560,"height":900,"url":"http:\/\/ottawachildrensfestival.ca\/wp-content\/uploads\/2021\/08\/Advertising-page-banners.jpg","type":"image\/jpeg"}],"twitter_card":"summary_large_image","twitter_misc":{"Dur\u00e9e de lecture estim\u00e9e":"2 minutes"},"schema":{"@context":"https:\/\/schema.org","@graph":[{"@type":"WebPage","@id":"https:\/\/ottawachildrensfestival.ca\/fr\/annoncer\/","url":"https:\/\/ottawachildrensfestival.ca\/fr\/annoncer\/","name":"Annoncer - Ottawa Children&#039;s Festival","isPartOf":{"@id":"https:\/\/ottawachildrensfestival.ca\/fr\/#website"},"primaryImageOfPage":{"@id":"https:\/\/ottawachildrensfestival.ca\/fr\/annoncer\/#primaryimage"},"image":{"@id":"https:\/\/ottawachildrensfestival.ca\/fr\/annoncer\/#primaryimage"},"thumbnailUrl":"https:\/\/ottawachildrensfestival.ca\/wp-content\/uploads\/2021\/08\/Advertising-page-banners.jpg","datePublished":"2021-09-07T17:11:09+00:00","dateModified":"2024-12-18T16:52:15+00:00","breadcrumb":{"@id":"https:\/\/ottawachildrensfestival.ca\/fr\/annoncer\/#breadcrumb"},"inLanguage":"fr-FR","potentialAction":[{"@type":"ReadAction","target":["https:\/\/ottawachildrensfestival.ca\/fr\/annoncer\/"]}]},{"@type":"ImageObject","inLanguage":"fr-FR","@id":"https:\/\/ottawachildrensfestival.ca\/fr\/annoncer\/#primaryimage","url":"https:\/\/ottawachildrensfestival.ca\/wp-content\/uploads\/2021\/08\/Advertising-page-banners.jpg","contentUrl":"https:\/\/ottawachildrensfestival.ca\/wp-content\/uploads\/2021\/08\/Advertising-page-banners.jpg","width":2560,"height":900,"caption":"Advertising page banner"},{"@type":"BreadcrumbList","@id":"https:\/\/ottawachildrensfestival.ca\/fr\/annoncer\/#breadcrumb","itemListElement":[{"@type":"ListItem","position":1,"name":"Home","item":"https:\/\/ottawachildrensfestival.ca\/fr\/"},{"@type":"ListItem","position":2,"name":"Annoncer"}]},{"@type":"WebSite","@id":"https:\/\/ottawachildrensfestival.ca\/fr\/#website","url":"https:\/\/ottawachildrensfestival.ca\/fr\/","name":"Ottawa Children&#039;s Festival","description":"Fun for the whole family","potentialAction":[{"@type":"SearchAction","target":{"@type":"EntryPoint","urlTemplate":"https:\/\/ottawachildrensfestival.ca\/fr\/?s={search_term_string}"},"query-input":{"@type":"PropertyValueSpecification","valueRequired":true,"valueName":"search_term_string"}}],"inLanguage":"fr-FR"}]}},"campaignId":"","_links":{"self":[{"href":"https:\/\/ottawachildrensfestival.ca\/fr\/wp-json\/wp\/v2\/pages\/2310","targetHints":{"allow":["GET"]}}],"collection":[{"href":"https:\/\/ottawachildrensfestival.ca\/fr\/wp-json\/wp\/v2\/pages"}],"about":[{"href":"https:\/\/ottawachildrensfestival.ca\/fr\/wp-json\/wp\/v2\/types\/page"}],"author":[{"embeddable":true,"href":"https:\/\/ottawachildrensfestival.ca\/fr\/wp-json\/wp\/v2\/users\/1"}],"replies":[{"embeddable":true,"href":"https:\/\/ottawachildrensfestival.ca\/fr\/wp-json\/wp\/v2\/comments?post=2310"}],"version-history":[{"count":0,"href":"https:\/\/ottawachildrensfestival.ca\/fr\/wp-json\/wp\/v2\/pages\/2310\/revisions"}],"wp:featuredmedia":[{"embeddable":true,"href":"https:\/\/ottawachildrensfestival.ca\/fr\/wp-json\/wp\/v2\/media\/1987"}],"wp:attachment":[{"href":"https:\/\/ottawachildrensfestival.ca\/fr\/wp-json\/wp\/v2\/media?parent=2310"}],"curies":[{"name":"wp","href":"https:\/\/api.w.org\/{rel}","templated":true}]}}